{"id":73,"date":"2022-03-15T03:12:19","date_gmt":"2022-03-15T03:12:19","guid":{"rendered":"https:\/\/elperiodicoky.com\/?page_id=73"},"modified":"2022-03-15T03:40:12","modified_gmt":"2022-03-15T03:40:12","slug":"inicio","status":"publish","type":"page","link":"https:\/\/elperiodicoky.com\/","title":{"rendered":"Inicio"},"content":{"rendered":"\n<p><\/p>\n\n\n<section class=\"gutentor-section gutentor-blog-post-wrapper blog-template1 wp-block-gutentor-blog-post  has-color-bg has-custom-bg\" id=\"section-cf6c3fa0-aa14-4cb1-bb89-becbe8ced465\">\n<div class='grid-container'><div class=\"gutentor-block-header\"><div class=\"gutentor-section-title  seperator-bottom text-center \">\n<h2 class=\"gutentor-title\">\nM\u00e1s noticias:<\/h2>\n<\/div>\n<\/div><div class='gutentor-grid-item-wrap '><div class='grid-row '><article class='gutentor-post-has-thumb  grid-lg-4 grid-md-4 grid-12 blog-grid'><div class=\"gutentor-single-item\"><div class=\"gutentor-single-item-image-box\"><div class=\"gutentor-image-thumb\"><img loading=\"lazy\" decoding=\"async\" width=\"2560\" height=\"1446\" src=\"https:\/\/elperiodicoky.com\/wp-content\/uploads\/2023\/04\/636599067333977077-Flying10-scaled.jpg\" class=\"attachment- size- wp-post-image\" alt=\"\" \/><\/div><\/div><div class=\"gutentor-post-content\"><h3 class=\"gutentor-single-item-title\"><a href=\"https:\/\/elperiodicoky.com\/index.php\/2023\/04\/18\/programa-del-espectaculo-aereo-de-thunder-over-louisville\/\" rel=\"bookmark\">Programa del espect\u00e1culo a\u00e9reo de Thunder Over Louisville<\/a><\/h3><div class=\"entry-meta\"><div class=\"posted-on\"><i class=\"far fa-calendar-alt\"><\/i><a href=\"https:\/\/elperiodicoky.com\/index.php\/2023\/04\/18\/programa-del-espectaculo-aereo-de-thunder-over-louisville\/\" rel=\"bookmark\">18 de April de 2023<\/a><\/div><div class=\"cat-links\"><i class=\"fas fa-tags\"><\/i><a href=\"https:\/\/elperiodicoky.com\/index.php\/category\/local\/\" rel=\"category tag\">Local<\/a><\/div><\/div><div class=\"gutentor-post-excerpt gutentor-single-item-desc\"><p class='gutentor-single-item-desc'>El Festival del Derby de Kentucky acaba de anunciar el programa de espect\u00e1culos a\u00e9reos de este a\u00f1o, &hellip;<\/p><\/div><a class=\"gutentor-button gutentor-single-item-button gutentor-icon-hide\" href=\"https:\/\/elperiodicoky.com\/index.php\/2023\/04\/18\/programa-del-espectaculo-aereo-de-thunder-over-louisville\/\" rel=\"noopener noreferrer\"><i class=\"gutentor-button-icon fas fa-book\"><\/i><span>Read More<\/span><\/a><\/div><\/div><\/article><article class='gutentor-post-has-thumb  grid-lg-4 grid-md-4 grid-12 blog-grid'><div class=\"gutentor-single-item\"><div class=\"gutentor-single-item-image-box\"><div class=\"gutentor-image-thumb\"><img loading=\"lazy\" decoding=\"async\" width=\"1199\" height=\"829\" src=\"https:\/\/elperiodicoky.com\/wp-content\/uploads\/2023\/03\/49f496345cf9b3a1d2fc94f76e58d01d.jpeg\" class=\"attachment- size- wp-post-image\" alt=\"\" \/><\/div><\/div><div class=\"gutentor-post-content\"><h3 class=\"gutentor-single-item-title\"><a href=\"https:\/\/elperiodicoky.com\/index.php\/2023\/03\/30\/las-escuelas-publicas-del-condado-de-jefferson-jcps-demandaran-a-las-empresas-de-redes-sociales-citando-el-impacto-negativo-en-los-estudiantes\/\" rel=\"bookmark\">Las Escuelas P\u00fablicas del Condado de Jefferson (JCPS) demandar\u00e1n a las empresas de redes sociales, citando el impacto negativo en los estudiantes<\/a><\/h3><div class=\"entry-meta\"><div class=\"posted-on\"><i class=\"far fa-calendar-alt\"><\/i><a href=\"https:\/\/elperiodicoky.com\/index.php\/2023\/03\/30\/las-escuelas-publicas-del-condado-de-jefferson-jcps-demandaran-a-las-empresas-de-redes-sociales-citando-el-impacto-negativo-en-los-estudiantes\/\" rel=\"bookmark\">30 de March de 2023<\/a><\/div><div class=\"cat-links\"><i class=\"fas fa-tags\"><\/i><a href=\"https:\/\/elperiodicoky.com\/index.php\/category\/local\/\" rel=\"category tag\">Local<\/a><\/div><\/div><div class=\"gutentor-post-excerpt gutentor-single-item-desc\"><p class='gutentor-single-item-desc'>El martes por la noche, la Junta de Educaci\u00f3n del Condado de Jefferson aprob\u00f3 una resoluci\u00f3n para pr&hellip;<\/p><\/div><a class=\"gutentor-button gutentor-single-item-button gutentor-icon-hide\" href=\"https:\/\/elperiodicoky.com\/index.php\/2023\/03\/30\/las-escuelas-publicas-del-condado-de-jefferson-jcps-demandaran-a-las-empresas-de-redes-sociales-citando-el-impacto-negativo-en-los-estudiantes\/\" rel=\"noopener noreferrer\"><i class=\"gutentor-button-icon fas fa-book\"><\/i><span>Read More<\/span><\/a><\/div><\/div><\/article><article class='gutentor-post-has-thumb  grid-lg-4 grid-md-4 grid-12 blog-grid'><div class=\"gutentor-single-item\"><div class=\"gutentor-single-item-image-box\"><div class=\"gutentor-image-thumb\"><img loading=\"lazy\" decoding=\"async\" width=\"580\" height=\"500\" src=\"https:\/\/elperiodicoky.com\/wp-content\/uploads\/2023\/03\/bus-change-2.jpg\" class=\"attachment- size- wp-post-image\" alt=\"\" \/><\/div><\/div><div class=\"gutentor-post-content\"><h3 class=\"gutentor-single-item-title\"><a href=\"https:\/\/elperiodicoky.com\/index.php\/2023\/03\/29\/escuelas-publicas-del-condado-de-jefferson-jcps-tendran-nuevos-horarios-de-entrada\/\" rel=\"bookmark\">Escuelas P\u00fablicas del Condado de Jefferson (JCPS) tendr\u00e1n nuevos horarios de entrada<\/a><\/h3><div class=\"entry-meta\"><div class=\"posted-on\"><i class=\"far fa-calendar-alt\"><\/i><a href=\"https:\/\/elperiodicoky.com\/index.php\/2023\/03\/29\/escuelas-publicas-del-condado-de-jefferson-jcps-tendran-nuevos-horarios-de-entrada\/\" rel=\"bookmark\">29 de March de 2023<\/a><\/div><div class=\"cat-links\"><i class=\"fas fa-tags\"><\/i><a href=\"https:\/\/elperiodicoky.com\/index.php\/category\/local\/\" rel=\"category tag\">Local<\/a><\/div><\/div><div class=\"gutentor-post-excerpt gutentor-single-item-desc\"><p class='gutentor-single-item-desc'>A partir de agosto, las Escuelas P\u00fablicas del Condado de Jefferson (JCPS) tendr\u00e1n ocho horas de entr&hellip;<\/p><\/div><a class=\"gutentor-button gutentor-single-item-button gutentor-icon-hide\" href=\"https:\/\/elperiodicoky.com\/index.php\/2023\/03\/29\/escuelas-publicas-del-condado-de-jefferson-jcps-tendran-nuevos-horarios-de-entrada\/\" rel=\"noopener noreferrer\"><i class=\"gutentor-button-icon fas fa-book\"><\/i><span>Read More<\/span><\/a><\/div><\/div><\/article><\/div><\/div><\/div><\/section>","protected":false},"excerpt":{"rendered":"","protected":false},"author":1,"featured_media":0,"parent":0,"menu_order":0,"comment_status":"closed","ping_status":"closed","template":"","meta":{"footnotes":""},"class_list":["post-73","page","type-page","status-publish","hentry"],"jetpack_sharing_enabled":true,"_links":{"self":[{"href":"https:\/\/elperiodicoky.com\/index.php\/wp-json\/wp\/v2\/pages\/73","targetHints":{"allow":["GET"]}}],"collection":[{"href":"https:\/\/elperiodicoky.com\/index.php\/wp-json\/wp\/v2\/pages"}],"about":[{"href":"https:\/\/elperiodicoky.com\/index.php\/wp-json\/wp\/v2\/types\/page"}],"author":[{"embeddable":true,"href":"https:\/\/elperiodicoky.com\/index.php\/wp-json\/wp\/v2\/users\/1"}],"replies":[{"embeddable":true,"href":"https:\/\/elperiodicoky.com\/index.php\/wp-json\/wp\/v2\/comments?post=73"}],"version-history":[{"count":9,"href":"https:\/\/elperiodicoky.com\/index.php\/wp-json\/wp\/v2\/pages\/73\/revisions"}],"predecessor-version":[{"id":99,"href":"https:\/\/elperiodicoky.com\/index.php\/wp-json\/wp\/v2\/pages\/73\/revisions\/99"}],"wp:attachment":[{"href":"https:\/\/elperiodicoky.com\/index.php\/wp-json\/wp\/v2\/media?parent=73"}],"curies":[{"name":"wp","href":"https:\/\/api.w.org\/{rel}","templated":true}]}}